{"id":28,"date":"2024-10-02T11:29:11","date_gmt":"2024-10-02T09:29:11","guid":{"rendered":"https:\/\/samperslogistics.nl\/?page_id=28"},"modified":"2024-12-30T13:25:14","modified_gmt":"2024-12-30T12:25:14","slug":"over-sampers-logistics","status":"publish","type":"page","link":"https:\/\/samperslogistics.nl\/de\/over-sampers-logistics\/","title":{"rendered":"\u00dcber Sampers Logistics"},"content":{"rendered":"<p>Mit \u00fcber 80 Jahren Erfahrung in der Logistik flie\u00dft unsere Leidenschaft f\u00fcr Transport und Logistik durch unsere Adern. Bei Sampers Logistics liegt die Logistikwelt in unserer DNA \u2013 ein Erbe, das seit Generationen weitergegeben wird. Was als Traum begann und von Vater und Sohn fortgef\u00fchrt wurde, hat sich zu einem soliden Familienunternehmen entwickelt, bei dem Service und Qualit\u00e4t im Mittelpunkt stehen.<\/p>\n<p>Von klein auf wurde uns die Logistik in die Wiege gelegt. Die Weitergabe von Wissen und Erfahrung hat uns zu dem flexiblen und zuverl\u00e4ssigen Partner gemacht, der wir heute sind. Bei Sampers Logistics glauben wir daran, unsere Versprechen zu halten: Ein Wort ist ein Wort. Wir sagen, was wir tun, und tun, was wir sagen \u2013 stets mit einem scharfen Blick f\u00fcr Ihre Bed\u00fcrfnisse.<\/p>\n<p>Unsere einzigartige Kombination aus Flexibilit\u00e4t, Zuverl\u00e4ssigkeit und Kundenorientierung macht uns zur ersten Wahl f\u00fcr hochwertige Logistikl\u00f6sungen. Ob komplexe Lieferketten oder schnelle Lieferungen \u2013 mit uns haben Sie einen Partner, der mitdenkt und stets die beste L\u00f6sung anstrebt.<\/p>","protected":false},"excerpt":{"rendered":"<p>Met meer dan 80 jaar ervaring in de logistiek stroomt onze passie voor transport en logistiek door onze aderen. Bij Sampers Logistics zit de logistieke wereld in ons DNA \u2013 een erfgoed dat al generaties lang wordt doorgegeven. Wat begon met een droom, voortgezet door vader en zoon, is uitgegroeid tot een solide familiebedrijf waar [&hellip;]<\/p>","protected":false},"author":1,"featured_media":830,"parent":0,"menu_order":0,"comment_status":"closed","ping_status":"closed","template":"","meta":{"footnotes":""},"class_list":["post-28","page","type-page","status-publish","has-post-thumbnail","hentry"],"acf":[],"_links":{"self":[{"href":"https:\/\/samperslogistics.nl\/de\/wp-json\/wp\/v2\/pages\/28"}],"collection":[{"href":"https:\/\/samperslogistics.nl\/de\/wp-json\/wp\/v2\/pages"}],"about":[{"href":"https:\/\/samperslogistics.nl\/de\/wp-json\/wp\/v2\/types\/page"}],"author":[{"embeddable":true,"href":"https:\/\/samperslogistics.nl\/de\/wp-json\/wp\/v2\/users\/1"}],"replies":[{"embeddable":true,"href":"https:\/\/samperslogistics.nl\/de\/wp-json\/wp\/v2\/comments?post=28"}],"version-history":[{"count":45,"href":"https:\/\/samperslogistics.nl\/de\/wp-json\/wp\/v2\/pages\/28\/revisions"}],"predecessor-version":[{"id":854,"href":"https:\/\/samperslogistics.nl\/de\/wp-json\/wp\/v2\/pages\/28\/revisions\/854"}],"wp:featuredmedia":[{"embeddable":true,"href":"https:\/\/samperslogistics.nl\/de\/wp-json\/wp\/v2\/media\/830"}],"wp:attachment":[{"href":"https:\/\/samperslogistics.nl\/de\/wp-json\/wp\/v2\/media?parent=28"}],"curies":[{"name":"wp","href":"https:\/\/api.w.org\/{rel}","templated":true}]}}