{"id":26,"date":"2024-10-02T11:29:01","date_gmt":"2024-10-02T09:29:01","guid":{"rendered":"https:\/\/samperslogistics.nl\/?page_id=26"},"modified":"2025-01-15T13:35:32","modified_gmt":"2025-01-15T12:35:32","slug":"eurasia-transport","status":"publish","type":"page","link":"https:\/\/samperslogistics.nl\/de\/eurasia-transport\/","title":{"rendered":"EurAsia Transport"},"content":{"rendered":"<h2>EurAsia Transport von Sampers Logistics<\/h2>\n<p class=\"translation-block\">Sampers Logistics BV bietet umfassende Transportl\u00f6sungen zwischen Europa und Asien mit unseren <em>EurAsia Transport<\/em>-Dienstleistungen. Dank unseres strategischen Standorts in Venlo, einem wichtigen Logistikknotenpunkt, erm\u00f6glichen wir nahtlose Transporte \u00fcber Stra\u00dfe, Schiene und See. Ob Sch\u00fcttg\u00fcter oder zeitkritische Sendungen \u2013 unser erfahrenes Team sorgt daf\u00fcr, dass Ihre Waren effizient und sicher ihr Ziel erreichen. Wir arbeiten mit zuverl\u00e4ssigen Partnern in Europa und Asien zusammen, um den gesamten Logistikprozess zu optimieren und die besten Routen und Transportmittel auszuw\u00e4hlen.<\/p>\n<p>Met EurAsia Transport combineren we snelheid, betrouwbaarheid en kostenbeheersing, zodat je verzekerd bent van een optimale transportoplossing. Ons moderne wagenpark en onze geavanceerde track-and-trace systemen bieden volledige zichtbaarheid van je zendingen gedurende de hele route. Daarnaast begrijpen we dat elk bedrijf unieke eisen heeft, dus bieden we flexibele en op maat gemaakte oplossingen die aansluiten bij jouw behoeften. Of je nu regelmatig transport nodig hebt tussen Europa en Azi\u00eb of een eenmalige zending hebt, bij Sampers Logistics ben je verzekerd van een logistieke partner die proactief met je meedenkt en zorgt voor een probleemloze levering.<\/p>\n<p>&nbsp;<\/p>","protected":false},"excerpt":{"rendered":"<p>EurAsia Transport van Sampers Logistics Sampers Logistics BV biedt uitgebreide transportoplossingen tussen Europa en Azi\u00eb met onze EurAsia Transport-diensten. Dankzij onze strategische ligging in Venlo, een belangrijk logistiek knooppunt, kunnen wij naadloos transport verzorgen over zowel weg, spoor als zee. Of het nu gaat om het vervoeren van bulkgoederen of tijdgevoelige ladingen, ons ervaren team [&hellip;]<\/p>","protected":false},"author":1,"featured_media":828,"parent":0,"menu_order":0,"comment_status":"closed","ping_status":"closed","template":"","meta":{"footnotes":""},"class_list":["post-26","page","type-page","status-publish","has-post-thumbnail","hentry"],"acf":[],"_links":{"self":[{"href":"https:\/\/samperslogistics.nl\/de\/wp-json\/wp\/v2\/pages\/26"}],"collection":[{"href":"https:\/\/samperslogistics.nl\/de\/wp-json\/wp\/v2\/pages"}],"about":[{"href":"https:\/\/samperslogistics.nl\/de\/wp-json\/wp\/v2\/types\/page"}],"author":[{"embeddable":true,"href":"https:\/\/samperslogistics.nl\/de\/wp-json\/wp\/v2\/users\/1"}],"replies":[{"embeddable":true,"href":"https:\/\/samperslogistics.nl\/de\/wp-json\/wp\/v2\/comments?post=26"}],"version-history":[{"count":33,"href":"https:\/\/samperslogistics.nl\/de\/wp-json\/wp\/v2\/pages\/26\/revisions"}],"predecessor-version":[{"id":827,"href":"https:\/\/samperslogistics.nl\/de\/wp-json\/wp\/v2\/pages\/26\/revisions\/827"}],"wp:featuredmedia":[{"embeddable":true,"href":"https:\/\/samperslogistics.nl\/de\/wp-json\/wp\/v2\/media\/828"}],"wp:attachment":[{"href":"https:\/\/samperslogistics.nl\/de\/wp-json\/wp\/v2\/media?parent=26"}],"curies":[{"name":"wp","href":"https:\/\/api.w.org\/{rel}","templated":true}]}}