{"id":24,"date":"2024-10-02T11:28:48","date_gmt":"2024-10-02T09:28:48","guid":{"rendered":"https:\/\/samperslogistics.nl\/?page_id=24"},"modified":"2025-01-15T13:35:32","modified_gmt":"2025-01-15T12:35:32","slug":"fyco-controles","status":"publish","type":"page","link":"https:\/\/samperslogistics.nl\/de\/fyco-controles\/","title":{"rendered":"FYCO Controles"},"content":{"rendered":"<h2>FYCO Controles beiSampers Logistics<\/h2>\n<p class=\"translation-block\">Bei Sampers Logistics BV verstehen wir die Bedeutung genauer und effizienter Zollkontrollen f\u00fcr internationale Sendungen. Unsere <em>FYCO-Kontrollen<\/em> (Phytosanit\u00e4re Kontrollen) sind speziell darauf ausgelegt, sicherzustellen, dass Waren, die strengen phytosanit\u00e4ren Vorschriften unterliegen, wie Lebensmittel und Pflanzen, alle gesetzlichen Anforderungen erf\u00fcllen. Dank unseres erfahrenen Teams und unseres fundierten Wissens \u00fcber Zollvorschriften sorgen wir daf\u00fcr, dass Ihre Waren die Kontrollen schnell und problemlos passieren.<\/p>\n<p>FYCO controles spelen een cruciale rol in het waarborgen van de veiligheid en kwaliteit van producten die de grenzen passeren. Bij Sampers Logistics bieden we een gestroomlijnd proces dat het risico op vertragingen minimaliseert en ervoor zorgt dat jouw goederen tijdig hun bestemming bereiken. We werken nauw samen met de relevante autoriteiten om ervoor te zorgen dat alle vereiste documenten en inspecties correct en op tijd worden afgehandeld. Ons doel is om jou te ontzorgen door je volledige controleproces op ons te nemen, zodat je je kunt concentreren op je kernactiviteiten zonder je zorgen te maken over logistieke obstakels.<a href=\"https:\/\/samperslogistics.nl\/de\/contact\/\"><br \/>\n<\/a><\/p>\n<p>&nbsp;<\/p>","protected":false},"excerpt":{"rendered":"<p>FYCO Controles door Sampers Logistics Bij Sampers Logistics BV begrijpen we het belang van nauwkeurige en effici\u00ebnte douanecontroles voor internationale zendingen. Onze FYCO controles (Fytosanitaire Controles) zijn speciaal ontworpen om ervoor te zorgen dat goederen die onderhevig zijn aan strenge fytosanitaire regelgeving, zoals voedsel en planten, voldoen aan alle wettelijke eisen. Dankzij ons ervaren team [&hellip;]<\/p>","protected":false},"author":1,"featured_media":918,"parent":0,"menu_order":0,"comment_status":"closed","ping_status":"closed","template":"","meta":{"footnotes":""},"class_list":["post-24","page","type-page","status-publish","has-post-thumbnail","hentry"],"acf":[],"_links":{"self":[{"href":"https:\/\/samperslogistics.nl\/de\/wp-json\/wp\/v2\/pages\/24"}],"collection":[{"href":"https:\/\/samperslogistics.nl\/de\/wp-json\/wp\/v2\/pages"}],"about":[{"href":"https:\/\/samperslogistics.nl\/de\/wp-json\/wp\/v2\/types\/page"}],"author":[{"embeddable":true,"href":"https:\/\/samperslogistics.nl\/de\/wp-json\/wp\/v2\/users\/1"}],"replies":[{"embeddable":true,"href":"https:\/\/samperslogistics.nl\/de\/wp-json\/wp\/v2\/comments?post=24"}],"version-history":[{"count":22,"href":"https:\/\/samperslogistics.nl\/de\/wp-json\/wp\/v2\/pages\/24\/revisions"}],"predecessor-version":[{"id":818,"href":"https:\/\/samperslogistics.nl\/de\/wp-json\/wp\/v2\/pages\/24\/revisions\/818"}],"wp:featuredmedia":[{"embeddable":true,"href":"https:\/\/samperslogistics.nl\/de\/wp-json\/wp\/v2\/media\/918"}],"wp:attachment":[{"href":"https:\/\/samperslogistics.nl\/de\/wp-json\/wp\/v2\/media?parent=24"}],"curies":[{"name":"wp","href":"https:\/\/api.w.org\/{rel}","templated":true}]}}