{"id":20,"date":"2024-10-02T11:28:18","date_gmt":"2024-10-02T09:28:18","guid":{"rendered":"https:\/\/samperslogistics.nl\/?page_id=20"},"modified":"2025-01-15T13:35:32","modified_gmt":"2025-01-15T12:35:32","slug":"crossdocking","status":"publish","type":"page","link":"https:\/\/samperslogistics.nl\/de\/crossdocking\/","title":{"rendered":"Crossdocking"},"content":{"rendered":"<h2>Crossdocking bei Sampers Logistics<\/h2>\n<p class=\"translation-block\">Sampers Logistics BV bietet effiziente <em>Cross-Docking<\/em>-Dienstleistungen, um die Durchlaufzeit von Waren zu verk\u00fcrzen und Lagerkosten zu minimieren. Cross-Docking ist eine logistische Technik, bei der eingehende Waren direkt auf ausgehende Fahrzeuge umgeladen werden, ohne zwischengelagert zu werden. Dies gew\u00e4hrleistet einen schnellen und nahtlosen \u00dcbergang der Produkte zu ihrem endg\u00fcltigen Bestimmungsort. Dank unseres strategischen Standorts in Venlo und unseres erfahrenen Teams k\u00f6nnen wir diese Prozesse optimal koordinieren und effizient gestalten.<\/p>\n<p>Unsere Cross-Docking-L\u00f6sungen sind ideal f\u00fcr Unternehmen, die schnell und flexibel auf Marktanforderungen reagieren m\u00f6chten, ohne in eine langfristige Lagerung zu investieren. Bei Sampers Logistics legen wir Wert auf Geschwindigkeit, Effizienz und Zuverl\u00e4ssigkeit. Mithilfe modernster Systeme k\u00f6nnen wir eingehende und ausgehende Sendungen pr\u00e4zise verfolgen und koordinieren, sodass Ihre Waren stets p\u00fcnktlich ankommen. Dies spart nicht nur Kosten, sondern verk\u00fcrzt auch die Lieferzeiten \u2013 ein entscheidender Vorteil in wettbewerbsintensiven M\u00e4rkten. Ob nationale oder internationale Distribution \u2013 unsere Cross-Docking-Services sorgen f\u00fcr einen optimalen logistischen Durchfluss und beschleunigen Ihre Gesch\u00e4ftsprozesse.<\/p>","protected":false},"excerpt":{"rendered":"<p>Crossdocking bij Sampers Logistics Sampers Logistics BV biedt effici\u00ebnte crossdocking-diensten om de doorlooptijd van goederen te verkorten en de opslagkosten te minimaliseren. Crossdocking is een logistieke techniek waarbij inkomende goederen direct worden overgeladen naar uitgaande voertuigen, zonder dat deze tussentijds opgeslagen worden. Dit zorgt voor een snelle en naadloze overgang van producten naar de eindbestemming. [&hellip;]<\/p>","protected":false},"author":1,"featured_media":749,"parent":0,"menu_order":0,"comment_status":"closed","ping_status":"closed","template":"","meta":{"footnotes":""},"class_list":["post-20","page","type-page","status-publish","has-post-thumbnail","hentry"],"acf":[],"_links":{"self":[{"href":"https:\/\/samperslogistics.nl\/de\/wp-json\/wp\/v2\/pages\/20"}],"collection":[{"href":"https:\/\/samperslogistics.nl\/de\/wp-json\/wp\/v2\/pages"}],"about":[{"href":"https:\/\/samperslogistics.nl\/de\/wp-json\/wp\/v2\/types\/page"}],"author":[{"embeddable":true,"href":"https:\/\/samperslogistics.nl\/de\/wp-json\/wp\/v2\/users\/1"}],"replies":[{"embeddable":true,"href":"https:\/\/samperslogistics.nl\/de\/wp-json\/wp\/v2\/comments?post=20"}],"version-history":[{"count":20,"href":"https:\/\/samperslogistics.nl\/de\/wp-json\/wp\/v2\/pages\/20\/revisions"}],"predecessor-version":[{"id":810,"href":"https:\/\/samperslogistics.nl\/de\/wp-json\/wp\/v2\/pages\/20\/revisions\/810"}],"wp:featuredmedia":[{"embeddable":true,"href":"https:\/\/samperslogistics.nl\/de\/wp-json\/wp\/v2\/media\/749"}],"wp:attachment":[{"href":"https:\/\/samperslogistics.nl\/de\/wp-json\/wp\/v2\/media?parent=20"}],"curies":[{"name":"wp","href":"https:\/\/api.w.org\/{rel}","templated":true}]}}