{"id":18,"date":"2024-10-02T11:28:07","date_gmt":"2024-10-02T09:28:07","guid":{"rendered":"https:\/\/samperslogistics.nl\/?page_id=18"},"modified":"2026-03-03T17:02:21","modified_gmt":"2026-03-03T16:02:21","slug":"value-added-services","status":"publish","type":"page","link":"https:\/\/samperslogistics.nl\/de\/value-added-services\/","title":{"rendered":"Value Added Services"},"content":{"rendered":"<h2>Value Added Services von Sampers Logistics<\/h2>\n<p class=\"translation-block\">Bei Sampers Logistics BV gehen wir \u00fcber Transport und Lagerung hinaus. Unsere <em>Value Added Services (VAS)<\/em> bieten zus\u00e4tzliche Unterst\u00fctzung, um Ihre Logistikprozesse zu optimieren und die Effizienz zu steigern. Ob es sich um das Umpacken von Produkten, das Etikettieren von Waren, Qualit\u00e4tskontrollen oder die Montage handelt \u2013 wir bieten ein breites Spektrum an Dienstleistungen, die Ihrer Lieferkette Mehrwert verleihen. Diese zus\u00e4tzlichen Ma\u00dfnahmen stellen sicher, dass Ihre Produkte f\u00fcr die Distribution bereit sind und alle Anforderungen Ihrer Kunden und M\u00e4rkte erf\u00fcllen.<\/p>\n<p>Unsere VAS-Dienstleistungen sind ideal f\u00fcr Unternehmen, die Flexibilit\u00e4t und ma\u00dfgeschneiderte L\u00f6sungen in ihren Logistikprozessen suchen. Dank unseres strategischen Standorts in Venlo und unseres erfahrenen Teams k\u00f6nnen wir schnell reagieren und uns an Ihre spezifischen Bed\u00fcrfnisse anpassen. Ob saisonale Anpassungen oder dauerhafte Ver\u00e4nderungen in Ihrer Lieferkette \u2013 wir bieten L\u00f6sungen, die Durchlaufzeiten verk\u00fcrzen und die Qualit\u00e4t Ihrer Produkte sicherstellen. Mit unseren VAS-Dienstleistungen k\u00f6nnen Sie auf einen umfassenden Logistikservice von Anfang bis Ende vertrauen, der zu Ihrem Wettbewerbsvorteil auf dem Markt beitr\u00e4gt.<a href=\"https:\/\/samperslogistics.nl\/de\/contact\/\"><br \/>\n<\/a><\/p>\n<p>&nbsp;<\/p>","protected":false},"excerpt":{"rendered":"<p>Value Added Services door Sampers Logistics Bij Sampers Logistics BV gaan we verder dan alleen transport en opslag. Onze Value Added Services (VAS) bieden extra ondersteuning die jouw logistieke processen optimaliseert en de effici\u00ebntie verhoogt. Of het nu gaat om het herverpakken van producten, het labelen van goederen, kwaliteitscontroles of assemblage, wij bieden een breed [&hellip;]<\/p>","protected":false},"author":1,"featured_media":773,"parent":0,"menu_order":0,"comment_status":"closed","ping_status":"closed","template":"","meta":{"footnotes":""},"class_list":["post-18","page","type-page","status-publish","has-post-thumbnail","hentry"],"acf":[],"_links":{"self":[{"href":"https:\/\/samperslogistics.nl\/de\/wp-json\/wp\/v2\/pages\/18"}],"collection":[{"href":"https:\/\/samperslogistics.nl\/de\/wp-json\/wp\/v2\/pages"}],"about":[{"href":"https:\/\/samperslogistics.nl\/de\/wp-json\/wp\/v2\/types\/page"}],"author":[{"embeddable":true,"href":"https:\/\/samperslogistics.nl\/de\/wp-json\/wp\/v2\/users\/1"}],"replies":[{"embeddable":true,"href":"https:\/\/samperslogistics.nl\/de\/wp-json\/wp\/v2\/comments?post=18"}],"version-history":[{"count":24,"href":"https:\/\/samperslogistics.nl\/de\/wp-json\/wp\/v2\/pages\/18\/revisions"}],"predecessor-version":[{"id":1052,"href":"https:\/\/samperslogistics.nl\/de\/wp-json\/wp\/v2\/pages\/18\/revisions\/1052"}],"wp:featuredmedia":[{"embeddable":true,"href":"https:\/\/samperslogistics.nl\/de\/wp-json\/wp\/v2\/media\/773"}],"wp:attachment":[{"href":"https:\/\/samperslogistics.nl\/de\/wp-json\/wp\/v2\/media?parent=18"}],"curies":[{"name":"wp","href":"https:\/\/api.w.org\/{rel}","templated":true}]}}