{"id":16,"date":"2024-10-02T11:27:53","date_gmt":"2024-10-02T09:27:53","guid":{"rendered":"https:\/\/samperslogistics.nl\/?page_id=16"},"modified":"2026-03-03T17:01:13","modified_gmt":"2026-03-03T16:01:13","slug":"warehousing","status":"publish","type":"page","link":"https:\/\/samperslogistics.nl\/de\/warehousing\/","title":{"rendered":"Warehousing"},"content":{"rendered":"<h2>Warehousing bei Sampers Logistics<\/h2>\n<p class=\"translation-block\">Bei Sampers Logistics BV bieten wir umfassende <em>Warehousing<\/em>-Dienstleistungen, die Ihre Logistikprozesse optimal unterst\u00fctzen. Unsere Lager in Venlo, strategisch an einem wichtigen Logistikknotenpunkt gelegen, sind mit modernster Technologie ausgestattet, um Ihre Waren sicher und effizient zu lagern. Ob kurzfristige oder langfristige Lagerung \u2013 wir sorgen daf\u00fcr, dass Ihr Bestand stets gut verwaltet und zug\u00e4nglich ist.<\/p>\n<p>Unser erfahrenes Team sorgt f\u00fcr eine pr\u00e4zise Bestandsverwaltung und bietet Dienstleistungen wie Kommissionierung, Verpackung und Distribution, damit Ihre Produkte p\u00fcnktlich und in einwandfreiem Zustand bei Ihren Kunden ankommen. Dank moderner Warehouse-Management-Systeme (WMS) haben Sie jederzeit Echtzeiteinblicke in Ihren Bestand und k\u00f6nnen schnell auf Ver\u00e4nderungen der Nachfrage reagieren. Dar\u00fcber hinaus bieten wir flexible L\u00f6sungen, die mit Ihrem Unternehmen wachsen, sodass Ihre Lagerkapazit\u00e4t stets Ihren Anforderungen entspricht, unabh\u00e4ngig von der Gr\u00f6\u00dfe Ihres Bestands.<\/p>\n<p>Sampers Logistics strebt danach, Ihre gesamte Lieferkette zu optimieren, indem wir nicht nur Lagerfl\u00e4che bereitstellen, sondern auch wertvolle logistische Unterst\u00fctzung bieten. Ob Sie gro\u00dfe Mengen verwalten oder einen spezialisierten Bestand haben \u2013 wir bieten die Zuverl\u00e4ssigkeit und Expertise, die Sie f\u00fcr einen reibungslosen und effizienten Logistikprozess ben\u00f6tigen.<a href=\"https:\/\/samperslogistics.nl\/de\/contact\/\"><br \/>\n<\/a><\/p>\n<p>&nbsp;<\/p>","protected":false},"excerpt":{"rendered":"<p>Warehousing bij Sampers Logistics Bij Sampers Logistics BV bieden we uitgebreide warehousing-diensten die jouw logistieke processen optimaal ondersteunen. Onze magazijnen in Venlo, strategisch gelegen in een belangrijk logistiek knooppunt, zijn uitgerust met de nieuwste technologie\u00ebn om jouw goederen veilig en effici\u00ebnt op te slaan. Of het nu gaat om tijdelijke opslag of langetermijnopslag, wij zorgen [&hellip;]<\/p>","protected":false},"author":1,"featured_media":1036,"parent":0,"menu_order":0,"comment_status":"closed","ping_status":"closed","template":"","meta":{"footnotes":""},"class_list":["post-16","page","type-page","status-publish","has-post-thumbnail","hentry"],"acf":[],"_links":{"self":[{"href":"https:\/\/samperslogistics.nl\/de\/wp-json\/wp\/v2\/pages\/16"}],"collection":[{"href":"https:\/\/samperslogistics.nl\/de\/wp-json\/wp\/v2\/pages"}],"about":[{"href":"https:\/\/samperslogistics.nl\/de\/wp-json\/wp\/v2\/types\/page"}],"author":[{"embeddable":true,"href":"https:\/\/samperslogistics.nl\/de\/wp-json\/wp\/v2\/users\/1"}],"replies":[{"embeddable":true,"href":"https:\/\/samperslogistics.nl\/de\/wp-json\/wp\/v2\/comments?post=16"}],"version-history":[{"count":24,"href":"https:\/\/samperslogistics.nl\/de\/wp-json\/wp\/v2\/pages\/16\/revisions"}],"predecessor-version":[{"id":1051,"href":"https:\/\/samperslogistics.nl\/de\/wp-json\/wp\/v2\/pages\/16\/revisions\/1051"}],"wp:featuredmedia":[{"embeddable":true,"href":"https:\/\/samperslogistics.nl\/de\/wp-json\/wp\/v2\/media\/1036"}],"wp:attachment":[{"href":"https:\/\/samperslogistics.nl\/de\/wp-json\/wp\/v2\/media?parent=16"}],"curies":[{"name":"wp","href":"https:\/\/api.w.org\/{rel}","templated":true}]}}